{"id":81928,"date":"2024-02-12T13:59:16","date_gmt":"2024-02-12T18:59:16","guid":{"rendered":"https:\/\/kera-organics.com\/conditions-de-vente-et-dutilisation\/"},"modified":"2024-02-13T15:10:31","modified_gmt":"2024-02-13T20:10:31","slug":"conditions-de-vente-et-dutilisation","status":"publish","type":"page","link":"https:\/\/kera-organics.com\/fr\/conditions-de-vente-et-dutilisation\/","title":{"rendered":"Conditions de vente et d&rsquo;utilisation"},"content":{"rendered":"\n<p><\/p>\n\n<h2 class=\"wp-block-heading\">Bienvenue chez Kera<\/h2>\n\n<p>\n          <strong>VEUILLEZ LIRE ATTENTIVEMENT CES TERMES ET CONDITIONS.<br\/>(mis \u00e0 jour en f\u00e9vrier 2024)<\/strong>\n          <strong><\/strong>\n        <\/p>\n\n<p><\/p>\n\n<h2 class=\"wp-block-heading\">\n          <strong>Conditions d&rsquo;utilisation<\/strong>\n        <\/h2>\n\n<p>Les conditions g\u00e9n\u00e9rales ci-dessous s&rsquo;appliquent \u00e0 la marque Kera, \u00e0 Associated Inc et \u00e0 ses filiales (collectivement \u00ab Kera \u00bb ou \u00ab nous \u00bb, \u00ab notre \u00bb ou \u00ab notre \u00bb), y compris le site Web situ\u00e9 \u00e0 l&rsquo;adresse www.kera-organics.com, (y compris toutes les versions optimis\u00e9es pour l&rsquo;affichage sur un appareil sans fil ou sur tout appareil) tous les e-mails publi\u00e9s ou distribu\u00e9s par Kera ; et toutes les autres fonctionnalit\u00e9s et communications interactives fournies par Kera, quelle que soit la mani\u00e8re dont elles sont accessibles et\/ou utilis\u00e9es, qui sont exploit\u00e9es par nous, mises \u00e0 disposition par nous ou produites et maintenues par Kera (le \u00ab Site \u00bb).<\/p>\n\n<p>Les pr\u00e9sentes conditions d&rsquo;utilisation du site Web (\u00ab conditions \u00bb ou \u00ab politique \u00bb) constituent un accord entre la marque Kera et l&rsquo;utilisateur (\u00ab vous \u00bb, \u00ab votre \u00bb ou \u00ab utilisateur \u00bb), et d\u00e9finissent les conditions juridiques r\u00e9gissant votre utilisation du site de commerce \u00e9lectronique sur tous les appareils et l&rsquo;achat\/ou l&rsquo;utilisation de nos biens et services.<\/p>\n\n<p>Votre utilisation du site et des informations, donn\u00e9es, textes, logiciels, images, sons ou autres \u00e9l\u00e9ments qu&rsquo;il contient confirme votre acceptation inconditionnelle et votre consentement \u00e0 \u00eatre li\u00e9 par les pr\u00e9sentes conditions et est soumis \u00e0 votre respect permanent des conditions de la pr\u00e9sente politique.<\/p>\n\n<p>En outre, vous acceptez d&rsquo;indemniser, de d\u00e9dommager et de d\u00e9gager de toute responsabilit\u00e9 Kera en cas de r\u00e9clamations, de dommages, de pertes, de responsabilit\u00e9s, de co\u00fbts et de d\u00e9penses, y compris les honoraires d&rsquo;avocat, r\u00e9sultant de votre utilisation ou de votre mauvaise utilisation du site en violation de la pr\u00e9sente politique.<\/p>\n\n<p>VOTRE UTILISATION DU SITE CONFIRME VOTRE ACCEPTATION INCONDITIONNELLE DE CES TERMES ET CONDITIONS. Veuillez vous abstenir d&rsquo;utiliser le SITE si vous n&rsquo;acceptez pas ces termes et conditions.<\/p>\n\n<p><\/p>\n\n<h5 class=\"wp-block-heading\">\n          <strong>Contenu du site web <\/strong>\n        <\/h5>\n\n<p>Tout le contenu du site, y compris, mais sans s&rsquo;y limiter, tous les textes, graphiques, images ou codes sont la propri\u00e9t\u00e9 de Kera ou sont contr\u00f4l\u00e9s ou autoris\u00e9s par Kera, et prot\u00e9g\u00e9s par les lois applicables en mati\u00e8re de droits d&rsquo;auteur ou de marques de commerce. Vous ne pouvez pas, sans notre autorisation \u00e9crite pr\u00e9alable, utiliser des marques, des images, des copies, des illustrations, des dessins, des photographies, des clips vid\u00e9o, ou encadrer ou refl\u00e9ter tout \u00e9l\u00e9ment contenu sur le site sur un autre serveur. L&rsquo;utilisation non autoris\u00e9e de ce mat\u00e9riel sur tout autre site Web ou environnement informatique est express\u00e9ment interdite.<\/p>\n\n<p>En partageant, soumettant ou t\u00e9l\u00e9chargeant vos donn\u00e9es (y compris, mais sans s&rsquo;y limiter, des photographies, des images, des ressemblances, des vid\u00e9os, de la musique, des oeuvres d&rsquo;art ou des commentaires) sur notre site ou sur nos canaux de m\u00e9dias sociaux, vous accordez \u00e0 Kera une licence mondiale, non exclusive, libre de redevances, sous-licenciable et transf\u00e9rable pour utiliser, reproduire, pr\u00e9parer des \u0153uvres d\u00e9riv\u00e9es et afficher vos donn\u00e9es de toute mani\u00e8re l\u00e9gale.<\/p>\n\n<p><\/p>\n\n<h5 class=\"wp-block-heading\">\n          <strong>Disponibilit\u00e9 du site<\/strong>\n        <\/h5>\n\n<p>Kera fera des efforts raisonnables pour rendre le site disponible \u00e0 tout moment. Cependant, vous reconnaissez que le site est fourni par l&rsquo;interm\u00e9diaire d&rsquo;Internet et d&rsquo;autres r\u00e9seaux et que la qualit\u00e9 peut donc \u00eatre affect\u00e9e par des facteurs ind\u00e9pendants de notre volont\u00e9. Par cons\u00e9quent, nous ne sommes donc pas responsables de l&rsquo;indisponibilit\u00e9 du site, ni des difficult\u00e9s ou de l&rsquo;impossibilit\u00e9 de t\u00e9l\u00e9charger ou d&rsquo;acc\u00e9der au contenu, ni de toute autre d\u00e9faillance du syst\u00e8me de communication pouvant entra\u00eener l&rsquo;indisponibilit\u00e9 du site.<\/p>\n\n<p><\/p>\n\n<h5 class=\"wp-block-heading\">\n          <strong>Admissibilit\u00e9 (\u00e2ge)<\/strong>\n        <\/h5>\n\n<p>Vous d\u00e9clarez et garantissez que vous avez l&rsquo;\u00e2ge de la majorit\u00e9 dans votre juridiction ou plus, ou si vous n&rsquo;avez pas atteint l&rsquo;\u00e2ge de la majorit\u00e9, que vous avez au moins treize (13) ans et que vous acc\u00e9dez au Site \u00e0 la connaissance et avec le consentement de vos parents ou de votre tuteur l\u00e9gal, qui seront \u00e9galement r\u00e9put\u00e9s avoir accept\u00e9 la pr\u00e9sente politique. Certaines fonctionnalit\u00e9s du Site (y compris, mais sans s&rsquo;y limiter, l&rsquo;enregistrement des utilisateurs) et certaines offres peuvent \u00eatre soumises \u00e0 des conditions d&rsquo;\u00e2ge et\/ou d&rsquo;\u00e9ligibilit\u00e9 plus strictes.<\/p>\n\n<p><\/p>\n\n<p><\/p>\n\n<h2 class=\"wp-block-heading\">\n          <strong>Conditions g\u00e9n\u00e9rales de vente<\/strong>\n        <\/h2>\n\n<p><\/p>\n\n<h3 class=\"wp-block-heading\">\n          <strong>Conditions de vente<\/strong>\n        <\/h3>\n\n<p>Les pr\u00e9sentes conditions s&rsquo;appliquent \u00e0 vous et \u00e0 votre achat de produits par l&rsquo;interm\u00e9diaire du Site. Ces conditions sont susceptibles d&rsquo;\u00eatre modifi\u00e9es sans pr\u00e9avis \u00e9crit, \u00e0 tout moment et \u00e0 notre seule discr\u00e9tion. En passant une commande de produits par l&rsquo;interm\u00e9diaire du Site, vous acceptez d&rsquo;\u00eatre li\u00e9 par les conditions g\u00e9n\u00e9rales en vigueur au moment de la commande.<\/p>\n\n<p><\/p>\n\n<h5 class=\"wp-block-heading\">\n          <strong>Acceptation de la commande<\/strong>\n        <\/h5>\n\n<p>Le fait que vous passiez une commande ne garantit pas n\u00e9cessairement que nous l&rsquo;accepterons. Nous nous r\u00e9servons le droit de refuser toute commande \u00e0 notre seule discr\u00e9tion. En outre, avant d&rsquo;accepter votre commande, nous pouvons vous demander des informations suppl\u00e9mentaires si vous n&rsquo;avez pas fourni toutes les informations requises pour finaliser votre commande. Une fois que nous avons re\u00e7u une commande d\u00fbment remplie, que nous avons re\u00e7u l&rsquo;autorisation de votre mode de paiement et que nous avons accept\u00e9 votre commande, nous traiterons votre commande dans les plus brefs d\u00e9lais.<\/p>\n\n<p><\/p>\n\n<h5 class=\"wp-block-heading\">\n          <strong>Achats et prix des produits<\/strong>\n        <\/h5>\n\n<p>Toutes les informations de facturation et autres informations soumises sur le site doivent \u00eatre v\u00e9ridiques et exactes. Fournir des informations fausses ou inexactes constitue une violation des pr\u00e9sentes conditions d&rsquo;utilisation et, si vous \u00eates un associ\u00e9 ou un partenaire de marque, peut \u00e9galement constituer une violation du ou des accords associ\u00e9s. En compl\u00e9tant le processus de paiement, vous vous engagez \u00e0 accepter et \u00e0 payer le(s) produit(s) ou le(s) service(s) demand\u00e9(s). Vous d\u00e9clarez et garantissez que vous avez le droit l\u00e9gal d&rsquo;utiliser toute carte de cr\u00e9dit accept\u00e9e ou tout autre moyen de paiement utilis\u00e9 pour effectuer une transaction.<\/p>\n\n<p>Si un produit est r\u00e9pertori\u00e9 \u00e0 un prix incorrect ou avec des informations incorrectes, Kera peut refuser ou annuler toute commande pass\u00e9e pour ce produit. Kera a le droit de refuser ou d&rsquo;annuler de telles commandes, que la commande ait \u00e9t\u00e9 confirm\u00e9e ou non et que la carte de cr\u00e9dit de l&rsquo;utilisateur ait \u00e9t\u00e9 d\u00e9bit\u00e9e ou non. Kera peut refuser ou annuler toute commande pour quelque raison que ce soit. Si votre carte de cr\u00e9dit a d\u00e9j\u00e0 \u00e9t\u00e9 d\u00e9bit\u00e9e pour l&rsquo;achat et que votre commande est annul\u00e9e, Kera \u00e9mettra rapidement un cr\u00e9dit sur votre compte de carte de cr\u00e9dit au montant du d\u00e9bit.<\/p>\n\n<p>Kera s&rsquo;efforce d&rsquo;assurer l&rsquo;exactitude de toutes les informations et descriptions relatives aux produits. Cependant, Kera ne garantit pas que les descriptions de produits ou tout autre contenu du site sont exacts, complets, fiables, \u00e0 jour ou exempts d&rsquo;erreurs. Si vous constatez qu&rsquo;un produit n&rsquo;est pas conforme \u00e0 sa description, nous vous demandons de nous contacter par courriel afin de proc\u00e9der au recours sans retour n\u00e9cessaire de Kera.<\/p>\n\n<p>Kera se r\u00e9serve le droit, avec ou sans pr\u00e9avis, \u00e0 tout moment (i) d&rsquo;imposer des conditions \u00e0 l&rsquo;utilisation de tout coupon, code promo, code promotionnel ou autre promotion, (ii) modifier la description ou le prix d&rsquo;un produit, (iii) limiter la disponibilit\u00e9 de tout produit ou service, (iv) refuser de fournir des services \u00e0 tout utilisateur ou client.<\/p>\n\n<p><\/p>\n\n<h5 class=\"wp-block-heading\">\n          <strong>Disponibilit\u00e9 du produit<\/strong>\n        <\/h5>\n\n<p>Tous les articles sont soumis \u00e0 disponibilit\u00e9 et nous nous r\u00e9servons le droit d&rsquo;imposer des limites de quantit\u00e9 pour toute commande, de rejeter tout ou partie d&rsquo;une commande et d&rsquo;interrompre la production sans pr\u00e9avis, m\u00eame si vous avez d\u00e9j\u00e0 pass\u00e9 votre commande. Tous les prix sont susceptibles d&rsquo;\u00eatre modifi\u00e9s sans pr\u00e9avis, et vous acceptez que les taxes puissent \u00eatre ajust\u00e9es par rapport au montant indiqu\u00e9 sur les \u00e9crans de paiement. Plusieurs facteurs peuvent en \u00eatre la cause, tels que les \u00e9carts entre les programmes de traitement et les changements des taux d&rsquo;imposition.<\/p>\n\n<p><\/p>\n\n<h5 class=\"wp-block-heading\">\n          <strong>Modalit\u00e9s de paiement<\/strong>\n        <\/h5>\n\n<p>Vous acceptez de payer tous les frais que vous engagez par carte de paiement (ou autre m\u00e9canisme de paiement applicable) aux montants en vigueur au moment o\u00f9 ces frais sont engag\u00e9s. Vous devez nous fournir une carte de cr\u00e9dit ou de d\u00e9bit valide (Visa, MasterCard ou tout autre \u00e9metteur accept\u00e9) ou utiliser tout autre m\u00e9canisme de paiement ou financier sp\u00e9cifi\u00e9 par nous (\u00ab\u00a0fournisseur de paiement\u00a0\u00bb) comme condition pour effectuer tout paiement. Votre accord avec le fournisseur de paiement (par exemple, l&rsquo;accord du titulaire de la carte ou les conditions d&rsquo;utilisation) r\u00e9git votre utilisation du m\u00e9canisme de paiement, et vous devez vous r\u00e9f\u00e9rer \u00e0 cet accord (et non au pr\u00e9sent accord) pour d\u00e9terminer vos droits et responsabilit\u00e9s \u00e0 l&rsquo;\u00e9gard du fournisseur de paiement. En nous fournissant vos informations de paiement, vous acceptez que nous et l&rsquo;un de nos processeurs de paiement tiers soyons autoris\u00e9s \u00e0 d\u00e9biter ou \u00e0 cr\u00e9diter imm\u00e9diatement votre compte de tous les frais et charges applicables et qu&rsquo;aucun avis ou consentement suppl\u00e9mentaire ne soit requis. Vous acceptez de nous informer imm\u00e9diatement de toute changement de vos informations de paiement et financi\u00e8res. Nous nous r\u00e9servons le droit de modifier \u00e0 tout moment les prix et les modalit\u00e9s de facturation. Toutes les informations que vous nous fournissez, ou que vous fournissez \u00e0 nos tiers charg\u00e9s du traitement des paiements, doivent \u00eatre exactes, \u00e0 jour et compl\u00e8tes. Vous serez \u00e9galement responsable du paiement de toutes les taxes applicables relatives aux paiements que vous effectuez.<\/p>\n\n<p><\/p>\n\n<h5 class=\"wp-block-heading\">\n          <strong>Exp\u00e9dition<\/strong>\n        <\/h5>\n\n<p>Tous les frais d&rsquo;exp\u00e9dition sont \u00e0 votre charge, sauf d\u00e9rogation de Kera. Les frais d&rsquo;exp\u00e9dition seront inclus dans votre facture et pourront \u00eatre consult\u00e9s avant la finalisation de votre commande. Les frais d&rsquo;exp\u00e9dition indiqu\u00e9s lors du processus de commande sont sujets \u00e0 v\u00e9rification. Les frais d&rsquo;exp\u00e9dition peuvent \u00eatre modifi\u00e9s sans pr\u00e9avis. La propri\u00e9t\u00e9 des produits est transf\u00e9r\u00e9e de Kera \u00e0 vous au moment de la livraison.<\/p>\n\n<p>Kera fait appel \u00e0 des tiers pour l&rsquo;exp\u00e9dition des commandes. Kera ne garantit pas la livraison des commandes \u00e0 une date ou un d\u00e9lai de livraison donn\u00e9. Les informations relatives \u00e0 l&rsquo;exp\u00e9dition ou au suivi ne sont fournies que pour des raisons de commodit\u00e9. Kera n&rsquo;est pas responsable des envois perdus, \u00e9gar\u00e9s, endommag\u00e9s ou retard\u00e9s.<\/p>\n\n<p><\/p>\n\n<h5 class=\"wp-block-heading\">\n          <strong>Politique de service apr\u00e8s-vente<\/strong>\n        <\/h5>\n\n<p>Lorsque vous faites des achats chez Kera, nous voulons que vous soyez enti\u00e8rement satisfait. Aucun retour n&rsquo;est n\u00e9cessaire. Si nous avons exp\u00e9di\u00e9 le mauvais article par erreur. Nous remboursons selon le mode de paiement d&rsquo;origine au moment de l&rsquo;achat ou nous envoyons des produits de remplacement, et ce uniquement apr\u00e8s avoir re\u00e7u une notification par courriel de l&rsquo;utilisateur et\/ou de l&rsquo;acheteur d&rsquo;origine afin d&rsquo;autoriser et\/ou de traiter la nouvelle commande. Les remplacements sont effectu\u00e9s si le bon article est actuellement en stock, nous serons alors heureux de l&rsquo;exp\u00e9dier. Si l&rsquo;article n&rsquo;est plus disponible et\/ou s&rsquo;il s&rsquo;agit d&rsquo;un produit saisonnier ou en \u00e9dition limit\u00e9e, nous serons heureux de vous rembourser le prix d&rsquo;achat.<br\/><br\/><\/p>\n\n<h2 class=\"wp-block-heading\">\n          <strong>Avis de non-responsabilit\u00e9 concernant les produits<\/strong>\n        <\/h2>\n\n<p>Les produits biologiques Kera sont s\u00fbrs et de haute qualit\u00e9, mais nous ne sommes pas responsables de la mauvaise utilisation et\/ou de l&rsquo;\u00e9limination de nos produits. Nos produits sont destin\u00e9s uniquement \u00e0 un usage externe et ne sont pas comestibles. Il est fortement recommand\u00e9 de suivre les conseils d&rsquo;utilisation de notre produit. Kera n&rsquo;est pas responsable de toute r\u00e9action ou de l&rsquo;utilisation de nos produits pouvant provoquer des allergies, du bien-\u00eatre ou tout probl\u00e8me de sant\u00e9 lors de l&rsquo;utilisation de nos produits.<\/p>\n\n<p>Attention ! Soyez prudent :<\/p>\n\n<ul class=\"wp-block-list\">\n<li>Produits non comestibles<\/li>\n\n\n\n<li>Garder hors de port\u00e9e des enfants de 6 ans et moins<\/li>\n\n\n\n<li>Peut contenir des produits qui provoquent ou cr\u00e9ent des r\u00e9actions allergiques.<\/li>\n\n\n\n<li>Veuillez consulter un m\u00e9decin si vous le jugez n\u00e9cessaire.<\/li>\n<\/ul>\n<span class=\"et_bloom_bottom_trigger\"><\/span>","protected":false},"excerpt":{"rendered":"<p>Bienvenue chez Kera VEUILLEZ LIRE ATTENTIVEMENT CES TERMES ET CONDITIONS.(mis \u00e0 jour en f\u00e9vrier 2024) Conditions d&rsquo;utilisation Les conditions g\u00e9n\u00e9rales ci-dessous s&rsquo;appliquent \u00e0 la marque Kera, \u00e0 Associated Inc et \u00e0 ses filiales (collectivement \u00ab Kera \u00bb ou \u00ab nous \u00bb, \u00ab notre \u00bb ou \u00ab notre \u00bb), y compris le site Web situ\u00e9 \u00e0 [&hellip;]<\/p>\n","protected":false},"author":1,"featured_media":0,"parent":0,"menu_order":0,"comment_status":"closed","ping_status":"closed","template":"","meta":{"give_campaign_id":0,"_et_pb_use_builder":"off","_et_pb_old_content":"","_et_gb_content_width":"","footnotes":""},"class_list":["post-81928","page","type-page","status-publish","hentry"],"campaignId":"","_links":{"self":[{"href":"https:\/\/kera-organics.com\/fr\/wp-json\/wp\/v2\/pages\/81928","targetHints":{"allow":["GET"]}}],"collection":[{"href":"https:\/\/kera-organics.com\/fr\/wp-json\/wp\/v2\/pages"}],"about":[{"href":"https:\/\/kera-organics.com\/fr\/wp-json\/wp\/v2\/types\/page"}],"author":[{"embeddable":true,"href":"https:\/\/kera-organics.com\/fr\/wp-json\/wp\/v2\/users\/1"}],"replies":[{"embeddable":true,"href":"https:\/\/kera-organics.com\/fr\/wp-json\/wp\/v2\/comments?post=81928"}],"version-history":[{"count":4,"href":"https:\/\/kera-organics.com\/fr\/wp-json\/wp\/v2\/pages\/81928\/revisions"}],"predecessor-version":[{"id":82000,"href":"https:\/\/kera-organics.com\/fr\/wp-json\/wp\/v2\/pages\/81928\/revisions\/82000"}],"wp:attachment":[{"href":"https:\/\/kera-organics.com\/fr\/wp-json\/wp\/v2\/media?parent=81928"}],"curies":[{"name":"wp","href":"https:\/\/api.w.org\/{rel}","templated":true}]}}