{"id":81930,"date":"2024-02-12T14:22:17","date_gmt":"2024-02-12T19:22:17","guid":{"rendered":"https:\/\/kera-organics.com\/politique-de-confidentialite\/"},"modified":"2024-02-13T15:09:09","modified_gmt":"2024-02-13T20:09:09","slug":"politique-de-confidentialite","status":"publish","type":"page","link":"https:\/\/kera-organics.com\/fr\/politique-de-confidentialite\/","title":{"rendered":"Politique de confidentialit\u00e9"},"content":{"rendered":"\n<p><\/p>\n\n<h2 class=\"wp-block-heading\">Bienvenue chez Kera<\/h2>\n\n<p>\n          <strong>VEUILLEZ LIRE ATTENTIVEMENT CETTE POLITIQUE DE CONFIDENTIALIT\u00c9.<br\/>(mis \u00e0 jour en f\u00e9vrier 2024)<\/strong>\n        <\/p>\n\n<p><\/p>\n\n<h2 class=\"wp-block-heading\">\n          <strong>Politique de confidentialit\u00e9<\/strong>\n        <\/h2>\n\n<p><\/p>\n\n<p>La marque Kera, ses parties li\u00e9es et ses soci\u00e9t\u00e9s affili\u00e9es sont conscients de l&rsquo;importance de prot\u00e9ger les informations personnelles. Kera et ses filiales (\u00ab\u00a0Kera\u00a0\u00bb, \u00ab\u00a0nous\u00a0\u00bb ou \u00ab\u00a0notre\u00a0\u00bb) s&rsquo;efforcent de conserver la confiance de nos clients.<\/p>\n\n<p>La pr\u00e9sente politique de confidentialit\u00e9 explique nos pratiques en mati\u00e8re de collecte, d&rsquo;utilisation et de divulgation de vos informations personnelles dans le cadre de nos activit\u00e9s au Canada et\/ou aux \u00c9tats-Unis, y compris notre site Web www.kera-organics.com, nos comptes de m\u00e9dias sociaux et toute autre mani\u00e8re dont vous vous engagez avec nous par le biais, sans s&rsquo;y limiter, d&rsquo;appareils sans-fil et de tous les appareils.<\/p>\n\n<p>Pour votre commodit\u00e9, les sites Web peuvent contenir des liens vers d&rsquo;autres sites et des publicit\u00e9s qui ne sont pas contr\u00f4l\u00e9s ou exploit\u00e9s par Kera. La pr\u00e9sente politique de confidentialit\u00e9 ne s&rsquo;applique pas \u00e0 ces sites ou \u00e0 ces publicit\u00e9s. Nous ne sommes pas responsables des pratiques ou politiques en mati\u00e8re de protection de la vie priv\u00e9e d&rsquo;autres sites web ou de tiers, et la pr\u00e9sente politique de protection de la vie priv\u00e9e ne s&rsquo;applique pas \u00e0 ces pratiques ou politiques.<\/p>\n\n<p>Les types d&rsquo;informations que nous recueillons avec votre approbation d\u00e9pendent de la nature de votre interaction avec nous. Nous collectons vos informations personnelles de diff\u00e9rentes mani\u00e8res lorsque vous interagissez avec Kera. Quelques exemples incluent, sans s&rsquo;y limiter, les situations dans lesquelles vous : <\/p>\n\n<p><\/p>\n\n<ul class=\"wp-block-list\">\n<li>commandez, achetez ou annulez une commande pour l&rsquo;un de nos produits ou services<\/li>\n\n\n\n<li>nous contactez, posez une question sur l&rsquo;un de nos produits ou services ou nous demandez de toute autre mani\u00e8re des informations ou de l&rsquo;aide<\/li>\n\n\n\n<li>fournissez un commentaire ou communiquez avec nous par courriel<\/li>\n\n\n\n<li>participez \u00e0 un concours ou \u00e0 d&rsquo;autres promotions<\/li>\n\n\n\n<li>participez ou r\u00e9pondez \u00e0 des enqu\u00eates aupr\u00e8s des consommateurs ou \u00e0 des demandes d&rsquo;avis, de pr\u00e9occupations ou de pr\u00e9f\u00e9rences des consommateurs concernant nos produits et services<\/li>\n\n\n\n<li>vous engagez avec nous sur les r\u00e9seaux sociaux<\/li>\n<\/ul>\n\n<p><\/p>\n\n<p>Vous pouvez choisir de ne pas nous fournir vos informations personnelles. Toutefois, si vous faites ce choix, il se peut que nous ne soyons pas en mesure de vous fournir le produit, le service ou l&rsquo;information que vous avez demand\u00e9. <\/p>\n\n<p>Dans certains cas, par exemple lorsque vous nous demandez d&rsquo;exp\u00e9dier une commande ou que vous achetez un cadeau ou un ch\u00e8que-cadeau, nous pouvons recueillir des informations sur une personne autre que vous, telles que le nom, l&rsquo;adresse, le num\u00e9ro de t\u00e9l\u00e9phone et l&rsquo;adresse courriel du destinataire. Vous d\u00e9clarez et garantissez que vous avez le droit et l&rsquo;autorit\u00e9 ou que vous avez obtenu tous les consentements n\u00e9cessaires pour fournir toute information, y compris les informations personnelles d&rsquo;une autre personne, que vous fournissez \u00e0 Kera. <\/p>\n\n<p>Kera utilise vos informations personnelles pour proposer et fournir des produits et des services (y compris, mais sans s&rsquo;y limiter, pour confirmer, traiter et suivre les commandes et leur statut, l&rsquo;exp\u00e9dition, le paiement, etc.), g\u00e9rer notre relation avec vous, v\u00e9rifier votre identit\u00e9 et votre adresse, mener \u00e0 bien nos op\u00e9rations commerciales et comme cela peut \u00eatre exig\u00e9 ou autoris\u00e9 par la loi ou d\u00e9crit dans la pr\u00e9sente politique de confidentialit\u00e9. <\/p>\n\n<p>De temps \u00e0 autre, nous pouvons compl\u00e9ter les informations que vous nous fournissez avec des informations provenant d&rsquo;autres sources, telles que des informations permettant de valider votre adresse ou d&rsquo;autres informations que vous nous avez fournies. Cela nous aide \u00e0 maintenir l&rsquo;exactitude des informations que nous recueillons et \u00e0 fournir un meilleur service. <\/p>\n\n<p><\/p>\n\n<h5 class=\"wp-block-heading\">\n          <strong>Cookies et technologies similaires <\/strong>\n        <\/h5>\n\n<p>Nous pouvons utiliser des outils de suivi tels que des cookies, des balises web et des pixels qui collectent des donn\u00e9es pendant que vous naviguez et conservent un enregistrement de votre visite. Ces technologies nous aident \u00e0 am\u00e9liorer les sites web et \u00e0 fournir un service plus personnalis\u00e9 en fonction de votre comportement en ligne. Nous utilisons \u00e9galement des cookies pour faciliter l&rsquo;analyse anonyme du trafic sur le site, qui comprend le suivi de l&rsquo;heure et de la date des visites, des pages consult\u00e9es et des URL de r\u00e9f\u00e9rence. <\/p>\n\n<p>La plupart des navigateurs Internet acceptent automatiquement les cookies. Si vous pr\u00e9f\u00e9rez emp\u00eacher votre appareil d&rsquo;accepter nos cookies, vous pouvez suivre les \u00e9tapes de votre navigateur Internet pour le faire sur chaque appareil que vous utilisez. Veuillez toutefois noter que si vous d\u00e9sactivez les cookies, il se peut que vous ne puissiez pas faire d&rsquo;achats sur nos sites web ou acc\u00e9der \u00e0 certaines de leurs sections. Il se peut \u00e9galement que votre appareil mobile ne vous permette pas de contr\u00f4ler les cookies. Si vous souhaitez bloquer les cookies sur nos applications mobiles, vous devrez supprimer l&rsquo;application de votre appareil mobile. <\/p>\n\n<p>Kera ne vend ni ne loue les informations personnelles de ses clients \u00e0 des tiers. Cependant, dans le cours normal de nos activit\u00e9s, nous pouvons partager certaines de vos informations personnelles avec nos parties li\u00e9es et soci\u00e9t\u00e9s affili\u00e9es et avec des tiers agissant en notre nom ou tel que permis ou requis par la loi applicable. <\/p>\n\n<p>Nous pouvons partager les informations personnelles que nous recueillons au sein de notre groupe de soci\u00e9t\u00e9s affili\u00e9es aux fins identifi\u00e9es dans la pr\u00e9sente politique de confidentialit\u00e9. <\/p>\n\n<p>Nous pouvons divulguer ou mettre \u00e0 disposition des informations personnelles \u00e0 des prestataires de services tiers \u00e0 des fins de traitement ou \u00e0 d&rsquo;autres fins qui soutiennent ou facilitent nos op\u00e9rations commerciales ou fournissent des services en notre nom, comme le traitement des commandes, la notification de l&rsquo;\u00e9tat d&rsquo;une commande, l&rsquo;exp\u00e9dition, le traitement des cartes de paiement, la prise en charge du contenu, au fonctionnement et \u00e0 la maintenance de nos sites web, la facilitation et la collecte d&rsquo;avis de clients et la r\u00e9alisation d&rsquo;enqu\u00eates, de concours, de tirages au sort et d&rsquo;autres promotions. Nous exigeons contractuellement de tous ces prestataires de services qu&rsquo;ils pr\u00e9servent la confidentialit\u00e9 et la s\u00e9curit\u00e9 de vos informations et qu&rsquo;ils aient des politiques et des pratiques en mati\u00e8re de protection de la vie priv\u00e9e comparables aux n\u00f4tres en ce qui concerne les informations personnelles. <\/p>\n\n<p><\/p>\n\n<h5 class=\"wp-block-heading\">\n          <strong>Consentement <\/strong>\n        <\/h5>\n\n<p>Nous divulguons des informations personnelles lorsque nous avons votre consentement ou lorsque vous nous demandez de le faire. En utilisant ce site, vous reconnaissez et acceptez la pr\u00e9sente politique de confidentialit\u00e9 et consentez \u00e0 la collecte, \u00e0 l&rsquo;utilisation et \u00e0 la divulgation de vos donn\u00e9es et du contenu g\u00e9n\u00e9r\u00e9 par l&rsquo;utilisateur conform\u00e9ment \u00e0 tous les termes de la pr\u00e9sente politique de confidentialit\u00e9 et des <a href=\"https:\/\/kera-organics.com\/fr\/conditions-de-vente-et-dutilisation\/\" data-type=\"page\" data-id=\"81830\">conditions d&rsquo;utilisation<\/a>.<\/p>\n\n<p>Si vous nous contactez par courriel, nous et nos fournisseurs de services et de logiciels pouvons surveiller et conserver les transcriptions de ces conversations, notamment \u00e0 des fins d&rsquo;analyse et de formation.<\/p>\n\n<p>Par cons\u00e9quent, vos informations personnelles peuvent \u00eatre accessibles aux autorit\u00e9s charg\u00e9es de l&rsquo;application de la loi, aux tribunaux et aux autorit\u00e9s r\u00e9glementaires conform\u00e9ment aux lois judiciaires en vigueur au Canada, \u00e0 l&rsquo;\u00e9tranger ou dans d&rsquo;autres pays. <\/p>\n\n<p><\/p>\n\n<h5 class=\"wp-block-heading\">\n          <strong>S\u00e9curit\u00e9 <\/strong>\n        <\/h5>\n\n<p>Kera prend des mesures raisonnables pour prot\u00e9ger les informations personnelles en sa possession contre la perte, le vol, l&rsquo;acc\u00e8s non autoris\u00e9, la divulgation ou l&rsquo;utilisation abusive, gr\u00e2ce \u00e0 des mesures de protection administratives, techniques et physiques adapt\u00e9es \u00e0 la sensibilit\u00e9 des informations personnelles. <\/p>\n\n<p>Malheureusement, malgr\u00e9 ces efforts, aucune mesure de s\u00e9curit\u00e9 n&rsquo;est parfaite et des pirates informatiques et autres acteurs malveillants peuvent tenter d&rsquo;intercepter ou d&rsquo;acc\u00e9der aux informations personnelles d\u00e9crites dans la pr\u00e9sente politique de confidentialit\u00e9. Si vous avez des raisons de croire que votre compte, votre transaction ou vos informations ne sont plus s\u00e9curis\u00e9s, veuillez nous contacter par courriel. Entre de mauvaises mains, vos informations personnelles pourraient \u00eatre utilis\u00e9es pour commettre une usurpation d&rsquo;identit\u00e9, vous voler ou vous causer d&rsquo;autres pr\u00e9judices. Il peut \u00e9galement r\u00e9v\u00e9ler des informations sur vos habitudes de consommation et d&rsquo;autres caract\u00e9ristiques personnelles sensibles. <\/p>\n\n<p>Les communications Internet ou sans fil ne sont jamais totalement priv\u00e9es ou s\u00e9curis\u00e9es et il existe toujours un risque que les messages ou les informations que vous envoyez vers ou via un site web ou par courriel soient intercept\u00e9s par d&rsquo;autres personnes. <\/p>\n\n<p>Si l&rsquo;une des informations personnelles figurant dans nos dossiers est inexacte ou incompl\u00e8te, nous la modifierons \u00e0 votre demande, sous r\u00e9serve des exceptions pr\u00e9vues par la loi.<\/p>\n\n<p>Vous pouvez \u00e9galement demander l&rsquo;acc\u00e8s aux informations personnelles dont nous avons la garde ou le contr\u00f4le. Pour v\u00e9rifier que les informations sont communiqu\u00e9es \u00e0 la bonne personne, il peut vous \u00eatre demand\u00e9 de fournir une pi\u00e8ce d&rsquo;identit\u00e9 appropri\u00e9e ou de vous identifier d&rsquo;une autre mani\u00e8re. Dans certaines circonstances, l&rsquo;acc\u00e8s aux informations personnelles peut \u00eatre refus\u00e9. Si nous refusons votre demande d&rsquo;acc\u00e8s, nous vous informerons du motif de ce refus. Les demandes d&rsquo;acc\u00e8s doivent \u00eatre adress\u00e9es par courrier \u00e9lectronique.<\/p>\n\n<p><\/p>\n\n<h5 class=\"wp-block-heading\">\n          <strong>La politique de confidentialit\u00e9 est susceptible d&rsquo;\u00eatre modifi\u00e9e. <\/strong>\n        <\/h5>\n\n<p>Kera peut r\u00e9viser la pr\u00e9sente politique de confidentialit\u00e9 \u00e0 tout moment et de temps \u00e0 autre. La politique de confidentialit\u00e9 r\u00e9vis\u00e9e sera publi\u00e9e sur le site. Nous vous encourageons \u00e0 consulter r\u00e9guli\u00e8rement cette politique de confidentialit\u00e9 pour en conna\u00eetre les modifications. Pour plus d\u2019informations concernant l\u2019utilisation de notre site Web, veuillez consulter nos conditions d\u2019utilisation publi\u00e9es sur le site. <br\/><\/p>\n<span class=\"et_bloom_bottom_trigger\"><\/span>","protected":false},"excerpt":{"rendered":"<p>Bienvenue chez Kera VEUILLEZ LIRE ATTENTIVEMENT CETTE POLITIQUE DE CONFIDENTIALIT\u00c9.(mis \u00e0 jour en f\u00e9vrier 2024) Politique de confidentialit\u00e9 La marque Kera, ses parties li\u00e9es et ses soci\u00e9t\u00e9s affili\u00e9es sont conscients de l&rsquo;importance de prot\u00e9ger les informations personnelles. Kera et ses filiales (\u00ab\u00a0Kera\u00a0\u00bb, \u00ab\u00a0nous\u00a0\u00bb ou \u00ab\u00a0notre\u00a0\u00bb) s&rsquo;efforcent de conserver la confiance de nos clients. La pr\u00e9sente [&hellip;]<\/p>\n","protected":false},"author":1,"featured_media":0,"parent":0,"menu_order":0,"comment_status":"closed","ping_status":"closed","template":"","meta":{"give_campaign_id":0,"_et_pb_use_builder":"off","_et_pb_old_content":"","_et_gb_content_width":"","footnotes":""},"class_list":["post-81930","page","type-page","status-publish","hentry"],"campaignId":"","_links":{"self":[{"href":"https:\/\/kera-organics.com\/fr\/wp-json\/wp\/v2\/pages\/81930","targetHints":{"allow":["GET"]}}],"collection":[{"href":"https:\/\/kera-organics.com\/fr\/wp-json\/wp\/v2\/pages"}],"about":[{"href":"https:\/\/kera-organics.com\/fr\/wp-json\/wp\/v2\/types\/page"}],"author":[{"embeddable":true,"href":"https:\/\/kera-organics.com\/fr\/wp-json\/wp\/v2\/users\/1"}],"replies":[{"embeddable":true,"href":"https:\/\/kera-organics.com\/fr\/wp-json\/wp\/v2\/comments?post=81930"}],"version-history":[{"count":4,"href":"https:\/\/kera-organics.com\/fr\/wp-json\/wp\/v2\/pages\/81930\/revisions"}],"predecessor-version":[{"id":81988,"href":"https:\/\/kera-organics.com\/fr\/wp-json\/wp\/v2\/pages\/81930\/revisions\/81988"}],"wp:attachment":[{"href":"https:\/\/kera-organics.com\/fr\/wp-json\/wp\/v2\/media?parent=81930"}],"curies":[{"name":"wp","href":"https:\/\/api.w.org\/{rel}","templated":true}]}}