{"id":81708,"date":"2024-01-18T11:07:04","date_gmt":"2024-01-18T16:07:04","guid":{"rendered":"https:\/\/kera-organics.com\/product\/the-a-lhibiscus\/"},"modified":"2024-02-18T15:36:15","modified_gmt":"2024-02-18T20:36:15","slug":"the-a-lhibiscus","status":"publish","type":"product","link":"https:\/\/kera-organics.com\/fr\/boutique\/savon-pour-le-corps\/the-a-lhibiscus\/","title":{"rendered":"Th\u00e9 d&rsquo;hibiscus"},"content":{"rendered":"<p>Le th\u00e9 d&rsquo;hibiscus est une boisson d\u00e9licieuse et saine appr\u00e9ci\u00e9e depuis des si\u00e8cles dans le monde entier, connue pour ses nombreux bienfaits pour la sant\u00e9, notamment sa capacit\u00e9 \u00e0 abaisser la tension art\u00e9rielle, \u00e0 r\u00e9duire l&rsquo;inflammation et \u00e0 am\u00e9liorer la digestion. L&rsquo;hibiscus est \u00e9galement riche en antioxydants, qui peuvent aider \u00e0 prot\u00e9ger la peau des dommages caus\u00e9s par les radicaux libres et les rayons UV. Les huiles naturelles de l&rsquo;hibiscus peuvent hydrater et apaiser la peau. Il contient des acides naturels tels que les alpha-hydroxy-acides (AHA), l&rsquo;acide citrique et l&rsquo;acide malique, qui peuvent aider \u00e0 exfolier la peau et \u00e0 \u00e9liminer les cellules mortes, r\u00e9v\u00e9lant ainsi une peau plus neuve et plus lumineuse.<\/p>\n<p>&nbsp;<\/p>\n<p><strong>INGR\u00c9DIENTS :<\/strong><br \/>\nHuile d&rsquo;olive, huile de coco, huile de palme, suif, hydroxyde de sodium, eau distill\u00e9e, th\u00e9 d&rsquo;hibiscus et de framboise, racine de garance.<\/p>\n<span class=\"et_bloom_bottom_trigger\"><\/span>","protected":false},"excerpt":{"rendered":"<h3>Soulagement de fin de journ\u00e9e !<\/h3>\n<p>L&rsquo;hibiscus a un parfum et une couleur doux. L&rsquo;avantage suppl\u00e9mentaire de l&rsquo;hibiscus est qu&rsquo;il contient de la m\u00e9latonine qui vous pr\u00e9pare \u00e0 un sommeil r\u00e9parateur, ce qui fait de ce savon un favori de fin de journ\u00e9e.<\/p>\n<p><strong>Offre promotionnelle pour le lancement de notre site : 1 pour 25$, 2 pour 50$, 3 pour 60$ et 4 pour 75$ !<\/strong><\/p>\n","protected":false},"featured_media":583,"comment_status":"open","ping_status":"closed","template":"","meta":{"give_campaign_id":0,"_et_pb_use_builder":"off","_et_pb_old_content":"Le th\u00e9 d'hibiscus est une boisson d\u00e9licieuse et saine appr\u00e9ci\u00e9e depuis des si\u00e8cles dans le monde entier, connue pour ses nombreux bienfaits pour la sant\u00e9, notamment sa capacit\u00e9 \u00e0 abaisser la tension art\u00e9rielle, \u00e0 r\u00e9duire l'inflammation et \u00e0 am\u00e9liorer la digestion. L'hibiscus est \u00e9galement riche en antioxydants, qui peuvent aider \u00e0 prot\u00e9ger la peau des dommages caus\u00e9s par les radicaux libres et les rayons UV. Les huiles naturelles de l'hibiscus peuvent hydrater et apaiser la peau. Il contient des acides naturels tels que les alpha-hydroxy-acides (AHA), l'acide citrique et l'acide malique, qui peuvent aider \u00e0 exfolier la peau et \u00e0 \u00e9liminer les cellules mortes, r\u00e9v\u00e9lant ainsi une peau plus neuve et plus lumineuse.\n\nINGR\u00c9DIENTS : Huile d'olive, huile de coco, huile de palme, suif, hydroxyde de sodium, eau distill\u00e9e, th\u00e9 d'hibiscus et de framboise, racine de garance.","_et_gb_content_width":""},"product_brand":[],"product_cat":[34],"product_tag":[],"class_list":{"0":"post-81708","1":"product","2":"type-product","3":"status-publish","4":"has-post-thumbnail","6":"product_cat-savon-pour-le-corps","8":"first","9":"instock","10":"taxable","11":"shipping-taxable","12":"purchasable","13":"product-type-simple"},"_links":{"self":[{"href":"https:\/\/kera-organics.com\/fr\/wp-json\/wp\/v2\/product\/81708","targetHints":{"allow":["GET"]}}],"collection":[{"href":"https:\/\/kera-organics.com\/fr\/wp-json\/wp\/v2\/product"}],"about":[{"href":"https:\/\/kera-organics.com\/fr\/wp-json\/wp\/v2\/types\/product"}],"replies":[{"embeddable":true,"href":"https:\/\/kera-organics.com\/fr\/wp-json\/wp\/v2\/comments?post=81708"}],"wp:featuredmedia":[{"embeddable":true,"href":"https:\/\/kera-organics.com\/fr\/wp-json\/wp\/v2\/media\/583"}],"wp:attachment":[{"href":"https:\/\/kera-organics.com\/fr\/wp-json\/wp\/v2\/media?parent=81708"}],"wp:term":[{"taxonomy":"product_brand","embeddable":true,"href":"https:\/\/kera-organics.com\/fr\/wp-json\/wp\/v2\/product_brand?post=81708"},{"taxonomy":"product_cat","embeddable":true,"href":"https:\/\/kera-organics.com\/fr\/wp-json\/wp\/v2\/product_cat?post=81708"},{"taxonomy":"product_tag","embeddable":true,"href":"https:\/\/kera-organics.com\/fr\/wp-json\/wp\/v2\/product_tag?post=81708"}],"curies":[{"name":"wp","href":"https:\/\/api.w.org\/{rel}","templated":true}]}}