{"id":81709,"date":"2024-01-23T14:18:12","date_gmt":"2024-01-23T19:18:12","guid":{"rendered":"https:\/\/kera-organics.com\/product\/ooh-la\/"},"modified":"2024-04-27T05:09:32","modified_gmt":"2024-04-27T10:09:32","slug":"ooh-la","status":"publish","type":"product","link":"https:\/\/kera-organics.com\/fr\/boutique\/tablettes-de-massage\/ooh-la\/","title":{"rendered":"Ooh-La"},"content":{"rendered":"<p>Que diriez-vous d&rsquo;un bon massage pour soulager les articulations enflamm\u00e9es et raides, et favoriser la relaxation, am\u00e9liorer la flexibilit\u00e9 et la circulation ? Pas besoin d&rsquo;\u00eatre th\u00e9rapeute, les massages permettent de d\u00e9tendre les muscles et les tissus autour des articulations, ce qui peut aider \u00e0 d\u00e9clencher le processus de gu\u00e9rison et de r\u00e9cup\u00e9ration. Cela contribue \u00e0 un sommeil de meilleure qualit\u00e9, renforce les r\u00e9ponses immunitaires et donne une vitalit\u00e9 globale. Profitez des bienfaits de l&rsquo;huile biologique simple pour une sensation de massage et de spa directement chez vous.<\/p>\n<p><strong>INGR\u00c9DIENTS :<\/strong><br \/>\nHuile d&rsquo;olive, huile de cam\u00e9line, huile d&rsquo;origan, huile d&rsquo;eucalyptus, un soup\u00e7on d&rsquo;eau de fleur d&rsquo;oranger, hydroxyde de sodium.<\/p>\n<span class=\"et_bloom_bottom_trigger\"><\/span>","protected":false},"excerpt":{"rendered":"<h3>Bien-\u00eatre, d\u00e9tente et relaxation !<\/h3>\n<p>Les soins personnels passent \u00e0 la vitesse sup\u00e9rieure gr\u00e2ce \u00e0 notre tablette de massage qui ne ressemble \u00e0 rien d&rsquo;autre sur le march\u00e9. Une simple friction r\u00e9duira le stress, la raideur des articulations et hydratera \u00e9galement la peau. Une excellente id\u00e9e de cadeau \u00e0 offrir, \u00e0 essayer en couple, entre amis ou seul, pour le plaisir.<\/p>\n<p><strong>Offre promotionnelle pour le lancement de notre site : 1 pour 8$, 2 pour 12,99$, et 3 pour 18,50$ !<\/strong><\/p>\n","protected":false},"featured_media":614,"comment_status":"open","ping_status":"closed","template":"","meta":{"give_campaign_id":0,"_et_pb_use_builder":"","_et_pb_old_content":"","_et_gb_content_width":""},"product_brand":[],"product_cat":[35],"product_tag":[],"class_list":{"0":"post-81709","1":"product","2":"type-product","3":"status-publish","4":"has-post-thumbnail","6":"product_cat-tablettes-de-massage","8":"first","9":"instock","10":"taxable","11":"shipping-taxable","12":"purchasable","13":"product-type-simple"},"_links":{"self":[{"href":"https:\/\/kera-organics.com\/fr\/wp-json\/wp\/v2\/product\/81709","targetHints":{"allow":["GET"]}}],"collection":[{"href":"https:\/\/kera-organics.com\/fr\/wp-json\/wp\/v2\/product"}],"about":[{"href":"https:\/\/kera-organics.com\/fr\/wp-json\/wp\/v2\/types\/product"}],"replies":[{"embeddable":true,"href":"https:\/\/kera-organics.com\/fr\/wp-json\/wp\/v2\/comments?post=81709"}],"wp:featuredmedia":[{"embeddable":true,"href":"https:\/\/kera-organics.com\/fr\/wp-json\/wp\/v2\/media\/614"}],"wp:attachment":[{"href":"https:\/\/kera-organics.com\/fr\/wp-json\/wp\/v2\/media?parent=81709"}],"wp:term":[{"taxonomy":"product_brand","embeddable":true,"href":"https:\/\/kera-organics.com\/fr\/wp-json\/wp\/v2\/product_brand?post=81709"},{"taxonomy":"product_cat","embeddable":true,"href":"https:\/\/kera-organics.com\/fr\/wp-json\/wp\/v2\/product_cat?post=81709"},{"taxonomy":"product_tag","embeddable":true,"href":"https:\/\/kera-organics.com\/fr\/wp-json\/wp\/v2\/product_tag?post=81709"}],"curies":[{"name":"wp","href":"https:\/\/api.w.org\/{rel}","templated":true}]}}