{"id":81710,"date":"2024-01-23T14:15:28","date_gmt":"2024-01-23T19:15:28","guid":{"rendered":"https:\/\/kera-organics.com\/product\/cacao\/"},"modified":"2024-02-18T09:27:49","modified_gmt":"2024-02-18T14:27:49","slug":"cacao","status":"publish","type":"product","link":"https:\/\/kera-organics.com\/fr\/boutique\/savon-pour-le-corps\/cacao\/","title":{"rendered":"Cacao"},"content":{"rendered":"<p>Faites plaisir \u00e0 vos sens avec notre luxueux savon biologique au cacao. Sp\u00e9cialement con\u00e7u avec le meilleur cacao biologique, ce savon ne se contente pas de nettoyer, il chouchoute \u00e9galement votre peau, la laissant douce, nourrie et irr\u00e9sistiblement lisse. Plongez-vous dans l&rsquo;ar\u00f4me riche et naturel du cacao tout en profitant d&rsquo;un plaisir quotidien qui non seulement lave votre corps, mais \u00e9l\u00e8ve votre exp\u00e9rience de bain \u00e0 un nouveau degr\u00e9 de satisfaction.<\/p>\n<p>&nbsp;<\/p>\n<p><strong>INGR\u00c9DIENTS :<\/strong><br \/>\nHuile d&rsquo;olive, huile de coco, huile de palme, suif, hydroxyde de sodium, eau distill\u00e9e, poudre de cacao biologique, p\u00e9pites de chocolat au lait et garniture de jus de canneberge et de racine de garance.<\/p>\n<span class=\"et_bloom_bottom_trigger\"><\/span>","protected":false},"excerpt":{"rendered":"<h3>D\u00e9couvrez la richesse !<\/h3>\n<p>Offrez \u00e0 votre peau les bienfaits de la poudre de cacao biologique et du v\u00e9ritable chocolat fondu, et laissez la mousse velout\u00e9e vous envelopper dans un cocon de pure gourmandise.<\/p>\n","protected":false},"featured_media":596,"comment_status":"open","ping_status":"closed","template":"","meta":{"give_campaign_id":0,"_et_pb_use_builder":"","_et_pb_old_content":"","_et_gb_content_width":""},"product_brand":[],"product_cat":[34],"product_tag":[],"class_list":{"0":"post-81710","1":"product","2":"type-product","3":"status-publish","4":"has-post-thumbnail","6":"product_cat-savon-pour-le-corps","8":"first","9":"instock","10":"taxable","11":"shipping-taxable","12":"purchasable","13":"product-type-simple"},"_links":{"self":[{"href":"https:\/\/kera-organics.com\/fr\/wp-json\/wp\/v2\/product\/81710","targetHints":{"allow":["GET"]}}],"collection":[{"href":"https:\/\/kera-organics.com\/fr\/wp-json\/wp\/v2\/product"}],"about":[{"href":"https:\/\/kera-organics.com\/fr\/wp-json\/wp\/v2\/types\/product"}],"replies":[{"embeddable":true,"href":"https:\/\/kera-organics.com\/fr\/wp-json\/wp\/v2\/comments?post=81710"}],"wp:featuredmedia":[{"embeddable":true,"href":"https:\/\/kera-organics.com\/fr\/wp-json\/wp\/v2\/media\/596"}],"wp:attachment":[{"href":"https:\/\/kera-organics.com\/fr\/wp-json\/wp\/v2\/media?parent=81710"}],"wp:term":[{"taxonomy":"product_brand","embeddable":true,"href":"https:\/\/kera-organics.com\/fr\/wp-json\/wp\/v2\/product_brand?post=81710"},{"taxonomy":"product_cat","embeddable":true,"href":"https:\/\/kera-organics.com\/fr\/wp-json\/wp\/v2\/product_cat?post=81710"},{"taxonomy":"product_tag","embeddable":true,"href":"https:\/\/kera-organics.com\/fr\/wp-json\/wp\/v2\/product_tag?post=81710"}],"curies":[{"name":"wp","href":"https:\/\/api.w.org\/{rel}","templated":true}]}}