{"id":81711,"date":"2024-01-23T14:01:08","date_gmt":"2024-01-23T19:01:08","guid":{"rendered":"https:\/\/kera-organics.com\/product\/citron-vert\/"},"modified":"2024-02-18T09:28:32","modified_gmt":"2024-02-18T14:28:32","slug":"citron-vert","status":"publish","type":"product","link":"https:\/\/kera-organics.com\/fr\/boutique\/savon-pour-le-corps\/citron-vert\/","title":{"rendered":"Citron vert"},"content":{"rendered":"<p>Il se compose d&rsquo;un m\u00e9lange d&rsquo;ingr\u00e9dients biologiques tels que le suif, l&rsquo;huile d&rsquo;olive, l&rsquo;huile de noix de coco et le citron vert frais, qui agissent ensemble pour nettoyer et hydrater votre peau naturellement. Les notes d&rsquo;agrumes et le parfum naturel de l&rsquo;huile de noix de coco sont doux et apaisants pour les sens, vous laissant une sensation de fra\u00eecheur. Il est exempt de parfums synth\u00e9tiques, de colorants agressifs et d&rsquo;autres produits chimiques nocifs pr\u00e9sents dans les savons ordinaires, ce qui en fait un choix sain pour nettoyer vos mains et votre corps tout en prot\u00e9geant votre peau du dess\u00e8chement. Les algues ajout\u00e9es am\u00e9liorent le teint, la texture et l&rsquo;\u00e9lasticit\u00e9 de la peau et aident cette derni\u00e8re \u00e0 retenir l&rsquo;eau et \u00e0 rester hydrat\u00e9e, ce qui en fait un produit id\u00e9al pour les douches matinales.<\/p>\n<p>&nbsp;<\/p>\n<p><strong>INGR\u00c9DIENTS : <\/strong><br \/>\nHuile d&rsquo;olive, huile de coco, huile de palme, suif, hydroxyde de sodium, eau distill\u00e9e, jus de citron vert pur, zeste de citron vert s\u00e9ch\u00e9, algues, alo\u00e8s.<\/p>\n<span class=\"et_bloom_bottom_trigger\"><\/span>","protected":false},"excerpt":{"rendered":"<h3>Restez frais !<\/h3>\n<p>Le pain de savon simple et naturel de Kera Organics est merveilleux pour un usage quotidien. La combinaison d&rsquo;acide citrique et d&rsquo;huiles hydratantes procure une sensation de fra\u00eecheur tout au long de la journ\u00e9e.<\/p>\n","protected":false},"featured_media":608,"comment_status":"open","ping_status":"closed","template":"","meta":{"give_campaign_id":0,"_et_pb_use_builder":"","_et_pb_old_content":"","_et_gb_content_width":""},"product_brand":[],"product_cat":[34],"product_tag":[],"class_list":{"0":"post-81711","1":"product","2":"type-product","3":"status-publish","4":"has-post-thumbnail","6":"product_cat-savon-pour-le-corps","8":"first","9":"instock","10":"taxable","11":"shipping-taxable","12":"purchasable","13":"product-type-simple"},"_links":{"self":[{"href":"https:\/\/kera-organics.com\/fr\/wp-json\/wp\/v2\/product\/81711","targetHints":{"allow":["GET"]}}],"collection":[{"href":"https:\/\/kera-organics.com\/fr\/wp-json\/wp\/v2\/product"}],"about":[{"href":"https:\/\/kera-organics.com\/fr\/wp-json\/wp\/v2\/types\/product"}],"replies":[{"embeddable":true,"href":"https:\/\/kera-organics.com\/fr\/wp-json\/wp\/v2\/comments?post=81711"}],"wp:featuredmedia":[{"embeddable":true,"href":"https:\/\/kera-organics.com\/fr\/wp-json\/wp\/v2\/media\/608"}],"wp:attachment":[{"href":"https:\/\/kera-organics.com\/fr\/wp-json\/wp\/v2\/media?parent=81711"}],"wp:term":[{"taxonomy":"product_brand","embeddable":true,"href":"https:\/\/kera-organics.com\/fr\/wp-json\/wp\/v2\/product_brand?post=81711"},{"taxonomy":"product_cat","embeddable":true,"href":"https:\/\/kera-organics.com\/fr\/wp-json\/wp\/v2\/product_cat?post=81711"},{"taxonomy":"product_tag","embeddable":true,"href":"https:\/\/kera-organics.com\/fr\/wp-json\/wp\/v2\/product_tag?post=81711"}],"curies":[{"name":"wp","href":"https:\/\/api.w.org\/{rel}","templated":true}]}}