{"id":81712,"date":"2024-01-23T14:10:04","date_gmt":"2024-01-23T19:10:04","guid":{"rendered":"https:\/\/kera-organics.com\/product\/epices-de-citrouille\/"},"modified":"2024-02-18T09:30:03","modified_gmt":"2024-02-18T14:30:03","slug":"epices-de-citrouille","status":"publish","type":"product","link":"https:\/\/kera-organics.com\/fr\/boutique\/savon-pour-le-corps\/epices-de-citrouille\/","title":{"rendered":"Citrouille \u00e9pic\u00e9e"},"content":{"rendered":"<p>Trois \u00e9pices utilis\u00e9es aux vertus gagnantes redonnent de l&rsquo;\u00e9clat \u00e0 votre peau. Le clou de girofle est utilis\u00e9 depuis des si\u00e8cles pour ses puissantes propri\u00e9t\u00e9s anti-\u00e2ge et agit comme un exfoliant naturel apaisant en \u00e9liminant les cellules mortes de la peau et en aidant \u00e0 am\u00e9liorer la circulation sanguine. Sur le plan m\u00e9dicinal, la noix de muscade est connue pour ses propri\u00e9t\u00e9s anti-inflammatoires et antirhumatismales, ce qui rend ce savon non seulement bon pour votre peau mais aussi pour votre bien-\u00eatre en g\u00e9n\u00e9ral. Enfin, le paprika contient de la capsa\u00efcine, dont les effets b\u00e9n\u00e9fiques sur la sant\u00e9, notamment en tant qu&rsquo;antioxydant, ont \u00e9t\u00e9 d\u00e9montr\u00e9s. La citrouille incroyablement saine ajoute \u00e9galement au m\u00e9lange sa richesse en vitamines, min\u00e9raux et antioxydants.<\/p>\n<p>&nbsp;<\/p>\n<p><strong>INGR\u00c9DIENTS :<\/strong><br \/>\nHuile d&rsquo;olive, huile de coco, huile de palme, suif, hydroxyde de sodium, eau distill\u00e9e, pur\u00e9e de citrouille pure, clou de girofle, noix de muscade, paprika.<\/p>\n<span class=\"et_bloom_bottom_trigger\"><\/span>","protected":false},"excerpt":{"rendered":"<h3>Redonnez de l&rsquo;\u00e9clat !<\/h3>\n<p>Ce savon est compos\u00e9 d&rsquo;une merveilleuse combinaison d&rsquo;\u00e9pices qui s&rsquo;associent parfaitement pour rajeunir votre peau. Cr\u00e9ation d&rsquo;inspiration pendant la p\u00e9riode des r\u00e9coltes pour vous aider \u00e0 conserver votre \u00e9clat estival.<\/p>\n","protected":false},"featured_media":605,"comment_status":"open","ping_status":"closed","template":"","meta":{"give_campaign_id":0,"_et_pb_use_builder":"","_et_pb_old_content":"","_et_gb_content_width":""},"product_brand":[],"product_cat":[34],"product_tag":[],"class_list":{"0":"post-81712","1":"product","2":"type-product","3":"status-publish","4":"has-post-thumbnail","6":"product_cat-savon-pour-le-corps","8":"first","9":"instock","10":"taxable","11":"shipping-taxable","12":"purchasable","13":"product-type-simple"},"_links":{"self":[{"href":"https:\/\/kera-organics.com\/fr\/wp-json\/wp\/v2\/product\/81712","targetHints":{"allow":["GET"]}}],"collection":[{"href":"https:\/\/kera-organics.com\/fr\/wp-json\/wp\/v2\/product"}],"about":[{"href":"https:\/\/kera-organics.com\/fr\/wp-json\/wp\/v2\/types\/product"}],"replies":[{"embeddable":true,"href":"https:\/\/kera-organics.com\/fr\/wp-json\/wp\/v2\/comments?post=81712"}],"wp:featuredmedia":[{"embeddable":true,"href":"https:\/\/kera-organics.com\/fr\/wp-json\/wp\/v2\/media\/605"}],"wp:attachment":[{"href":"https:\/\/kera-organics.com\/fr\/wp-json\/wp\/v2\/media?parent=81712"}],"wp:term":[{"taxonomy":"product_brand","embeddable":true,"href":"https:\/\/kera-organics.com\/fr\/wp-json\/wp\/v2\/product_brand?post=81712"},{"taxonomy":"product_cat","embeddable":true,"href":"https:\/\/kera-organics.com\/fr\/wp-json\/wp\/v2\/product_cat?post=81712"},{"taxonomy":"product_tag","embeddable":true,"href":"https:\/\/kera-organics.com\/fr\/wp-json\/wp\/v2\/product_tag?post=81712"}],"curies":[{"name":"wp","href":"https:\/\/api.w.org\/{rel}","templated":true}]}}