{"id":82184,"date":"2024-02-14T10:30:32","date_gmt":"2024-02-14T15:30:32","guid":{"rendered":"https:\/\/kera-organics.com\/shop\/non%20class\u00e9\/concombre\/"},"modified":"2024-07-25T14:29:24","modified_gmt":"2024-07-25T19:29:24","slug":"concombre","status":"publish","type":"product","link":"https:\/\/kera-organics.com\/fr\/boutique\/savon-pour-le-corps\/concombre\/","title":{"rendered":"Concombre"},"content":{"rendered":"<p>La combinaison de concombre, d\u2019avocat et d\u2019alo\u00e8s apaise tous les types de peau en r\u00e9duisant l\u2019inflammation et les poches. Aide les peaux sensibles ou irrit\u00e9es, et \u00e0 uniformiser le teint. Capable d&rsquo;att\u00e9nuer les taches et les cernes pour donner \u00e0 la peau un aspect plus lumineux et plus sain. L&rsquo;huile d&rsquo;avocat est excellente pour le traitement des peaux s\u00e8ches et des affections cutan\u00e9es mineures. Les propri\u00e9t\u00e9s antibact\u00e9riennes et antioxydantes de l&rsquo;alo\u00e8s contribuent \u00e0 am\u00e9liorer la peau, ce qui est important dans l&rsquo;environnement auquel nous sommes confront\u00e9s quotidiennement.<\/p>\n<p>&nbsp;<\/p>\n<p><strong>INGR\u00c9DIENTS :<\/strong><br \/>\nHuile d&rsquo;olive, huile de coco, huile de palme, suif, hydroxyde de sodium, eau distill\u00e9e, pur\u00e9e de concombre frais, pur\u00e9e d&rsquo;avocat, gel d&rsquo;alo\u00e8s, diff\u00e9rentes poudres de plantes s\u00e9ch\u00e9es ajout\u00e9es pour la couleur et les bienfaits. (racine de garance ou indigo)<\/p>\n<span class=\"et_bloom_bottom_trigger\"><\/span>","protected":false},"excerpt":{"rendered":"<div class=\"et_pb_module et_pb_wc_description et_pb_wc_description_0_tb_body et_pb_bg_layout_light et_pb_text_align_left\">\n<div class=\"et_pb_module_inner\">\n<h3>KERA Original !<\/h3>\n<p>La sensation de fra\u00eecheur du concombre apaise non seulement les peaux sensibles, mais aussi tous les types de peaux. Ce pain de savon Kera Original peut \u00eatre utilis\u00e9 quotidiennement pour le corps, les mains et le visage.<\/p>\n<p><strong>Offre promotionnelle pour le lancement de notre site : 1 pour 25$, 2 pour 45$ et 3 pour 60$ !<\/strong><\/p>\n<\/div>\n<\/div>\n","protected":false},"featured_media":1200,"comment_status":"open","ping_status":"closed","template":"","meta":{"give_campaign_id":0,"_et_pb_use_builder":"off","_et_pb_old_content":"La combinaison de concombre, d\u2019avocat et d\u2019alo\u00e8s apaise tous les types de peau en r\u00e9duisant l\u2019inflammation et les poches. Aide les peaux sensibles ou irrit\u00e9es, et \u00e0 uniformiser le teint. Capable d'att\u00e9nuer les taches et les cernes pour donner \u00e0 la peau un aspect plus lumineux et plus sain. L'huile d'avocat est excellente pour le traitement des peaux s\u00e8ches et des affections cutan\u00e9es mineures. Les propri\u00e9t\u00e9s antibact\u00e9riennes et antioxydantes de l'alo\u00e8s contribuent \u00e0 am\u00e9liorer la peau, ce qui est important dans l'environnement auquel nous sommes confront\u00e9s quotidiennement.\r\n\r\n \r\n\r\n<strong>INGR\u00c9DIENTS :<\/strong>\r\nHuile d'olive, huile de coco, huile de palme, suif, hydroxyde de sodium, eau distill\u00e9e, pur\u00e9e de concombre frais, pur\u00e9e d'avocat, gel d'alo\u00e8s, diff\u00e9rentes poudres de plantes s\u00e9ch\u00e9es ajout\u00e9es pour la couleur et les bienfaits. (racine de garance ou indigo)","_et_gb_content_width":""},"product_brand":[],"product_cat":[34],"product_tag":[],"class_list":{"0":"post-82184","1":"product","2":"type-product","3":"status-publish","4":"has-post-thumbnail","6":"product_cat-savon-pour-le-corps","8":"first","9":"instock","10":"taxable","11":"shipping-taxable","12":"purchasable","13":"product-type-variable"},"_links":{"self":[{"href":"https:\/\/kera-organics.com\/fr\/wp-json\/wp\/v2\/product\/82184","targetHints":{"allow":["GET"]}}],"collection":[{"href":"https:\/\/kera-organics.com\/fr\/wp-json\/wp\/v2\/product"}],"about":[{"href":"https:\/\/kera-organics.com\/fr\/wp-json\/wp\/v2\/types\/product"}],"replies":[{"embeddable":true,"href":"https:\/\/kera-organics.com\/fr\/wp-json\/wp\/v2\/comments?post=82184"}],"wp:featuredmedia":[{"embeddable":true,"href":"https:\/\/kera-organics.com\/fr\/wp-json\/wp\/v2\/media\/1200"}],"wp:attachment":[{"href":"https:\/\/kera-organics.com\/fr\/wp-json\/wp\/v2\/media?parent=82184"}],"wp:term":[{"taxonomy":"product_brand","embeddable":true,"href":"https:\/\/kera-organics.com\/fr\/wp-json\/wp\/v2\/product_brand?post=82184"},{"taxonomy":"product_cat","embeddable":true,"href":"https:\/\/kera-organics.com\/fr\/wp-json\/wp\/v2\/product_cat?post=82184"},{"taxonomy":"product_tag","embeddable":true,"href":"https:\/\/kera-organics.com\/fr\/wp-json\/wp\/v2\/product_tag?post=82184"}],"curies":[{"name":"wp","href":"https:\/\/api.w.org\/{rel}","templated":true}]}}